{"id":10,"date":"2020-08-25T13:10:43","date_gmt":"2020-08-25T11:10:43","guid":{"rendered":"http:\/\/psychologue-isabelle-ruet.fr\/?page_id=10"},"modified":"2021-01-02T17:02:48","modified_gmt":"2021-01-02T16:02:48","slug":"a-propos-de","status":"publish","type":"page","link":"https:\/\/psychologue-isabelle-ruet.fr\/?page_id=10","title":{"rendered":"\u00c0 propos de"},"content":{"rendered":"\n<figure class=\"wp-block-image size-large is-resized is-style-rounded\"><img loading=\"lazy\" decoding=\"async\" src=\"http:\/\/psychologue-isabelle-ruet.fr\/wp-content\/uploads\/2020\/08\/IMG-7902-768x1024.jpg\" alt=\"\" class=\"wp-image-51\" width=\"245\" height=\"327\" srcset=\"https:\/\/psychologue-isabelle-ruet.fr\/wp-content\/uploads\/2020\/08\/IMG-7902-768x1024.jpg 768w, https:\/\/psychologue-isabelle-ruet.fr\/wp-content\/uploads\/2020\/08\/IMG-7902-225x300.jpg 225w, https:\/\/psychologue-isabelle-ruet.fr\/wp-content\/uploads\/2020\/08\/IMG-7902-1152x1536.jpg 1152w, https:\/\/psychologue-isabelle-ruet.fr\/wp-content\/uploads\/2020\/08\/IMG-7902-1536x2048.jpg 1536w, https:\/\/psychologue-isabelle-ruet.fr\/wp-content\/uploads\/2020\/08\/IMG-7902-scaled.jpg 1920w\" sizes=\"(max-width: 245px) 100vw, 245px\" \/><\/figure>\n\n\n<p><strong>Soutien psychologique<\/strong><\/p>\n<p>Il s\u2019agit d\u2019accompagner la travers\u00e9e d\u2019une difficult\u00e9, d\u2019un stress, d\u2019une angoisse\u2026 par un appui qui repose sur la parole. La bienveillance, l\u2019empathie et la confidentialit\u00e9 garantissent au patient le cadre pour exprimer son ressenti et sa souffrance. Cela \u00a0s\u2019adresse \u00e0 tous ceux qui ont besoin d\u2019\u00eatre soutenus lors d\u2019\u00e9preuves personnelles ou professionnelles. Ces s\u00e9ances peuvent durer quelques semaines ou plusieurs mois selon la demande du patient et peuvent aussi \u00eatre le d\u00e9but d\u2019une\u00a0 psychoth\u00e9rapie.<\/p>\n<p><strong>Psychoth\u00e9rapie <\/strong><\/p>\n<p>Quand la souffrance psychique perdure et d\u00e9passe les facult\u00e9s d\u2019adaptation, la psychoth\u00e9rapie vise \u00e0 provoquer des changements d\u2019attitudes, de fa\u00e7on de penser ou de r\u00e9agir. Elle peut permettre de trouver ses propres r\u00e9ponses face aux probl\u00e8mes rencontr\u00e9s, de mieux se connaitre et orienter ses choix. La dur\u00e9e de la th\u00e9rapie est variable d\u2019une personne \u00e0 l\u2019autre et peut durer quelques mois \u00e0 plusieurs ann\u00e9es selon les besoins et la demande.<\/p>\n<p><strong>Psychoth\u00e9rapie de couple<\/strong><\/p>\n<p>Elle va prendre en compte l\u2019histoire des deux partenaires du couple et aide \u00e0 la mise en \u0153uvre d\u2019une meilleure communication entre eux. Le but est de trouver des bases mieux \u00e9quilibr\u00e9es voire plus solides. Le psychologue va tenter de r\u00e9amorcer le dialogue afin que chacun puisse s\u2019\u00e9couter et rep\u00e9rer les dysfonctionnements dans leur relation. Il est pr\u00e9f\u00e9rable de consulter d\u00e8s les premiers signes d\u2019instabilit\u00e9, avant un point de non retour. Elle peut durer quelques mois et aboutir \u00e0 une th\u00e9rapie individuelle pour l\u2019un et\/ou l\u2019autre des protagonistes.<\/p>\n<p><strong>La psychologie du travail<\/strong><\/p>\n<p>Celle-ci traite de la souffrance psychique li\u00e9e au travail. Elle concerne entre autre le stress, le Burn Out (syndrome d\u2019\u00e9puisement), le harc\u00e8lement professionnel ou les conflits interpersonnels. Elle vise \u00e9galement l\u2019accompagnement au changement d\u2019orientation, soit de poste, soit de secteur professionnel. Les s\u00e9ances de soutien ou de th\u00e9rapie peuvent durer quelques semaines ou plusieurs mois en fonctions des besoins.<\/p>\n<p><strong>La consultation avec les enfants<\/strong><\/p>\n<p>Lors de la premi\u00e8re consultation, la pr\u00e9sence des deux parents est souhaitable mais pas obligatoire. Cependant, l\u2019accord de l\u2019un et de l\u2019autre est n\u00e9cessaire pour d\u00e9marrer un suivi avec leur enfant. Cette premi\u00e8re consultation met en avant l\u2019histoire de l\u2019enfant, sa place dans la famille. Elle favorise la mise en lien et rassure l\u2019enfant, par la pr\u00e9sence de ses parents. Elle peut d\u00e9boucher sur des entretiens individuels avec lui, ou des entretiens parents-enfants, en fonction des besoins d\u00e9finis ensemble. Avec l\u2019enfant, le travail th\u00e9rapeutique passe par le dessin, le jeu, le conte\u2026 Ces supports le rassurent et aident \u00e0 d\u00e9dramatiser la situation de consultation, en lui fournissant un mat\u00e9riel adapt\u00e9 pour exprimer ce qu\u2019il ressent. Ce qui se dit pendant la consultation reste confidentiel pour que l\u2019enfant se sente en s\u00e9curit\u00e9 et en confiance.<\/p>\n<p><strong>La consultation avec les adolescents<\/strong><\/p>\n<p>L\u2019adolescent n\u2019est plus l\u2019enfant qu\u2019il \u00e9tait et pas encore l\u2019adulte qu\u2019il va devenir. C\u2019est un temps de crise qui peut pousser vers la transgression de l\u2019ordre parental ou social, dans le but d\u2019acc\u00e9der \u00e0 l\u2019autonomie. Face aux remaniements psychiques et physiques, l\u2019adolescent a besoin d\u2019\u00eatre rassur\u00e9. C\u2019est pourquoi il peut \u00eatre parfois important de consulter pour verbaliser une souffrance et \u00e9viter les passages \u00e0 l\u2019acte. Si la demande vient souvent d\u2019un parent inquiet, il faut cependant l\u2019adh\u00e9sion de l\u2019adolescent pour d\u00e9marrer un suivi. Il peut ainsi b\u00e9n\u00e9ficier d\u2019une \u00e9coute sans jugement, donner du sens \u00e0 son comportement et trouver ses propres limites. Cet accompagnement se fait de mani\u00e8re individuelle mais il est important que les parents soient pr\u00e9sents lors de la premi\u00e8re consultation afin de communiquer les pr\u00e9occupations familiales. Au cours du suivi, ils pourront \u00eatre re\u00e7us en fonction des besoins et de la demande de leur adolescent.<\/p>\n<p>\u00a0<\/p>","protected":false},"excerpt":{"rendered":"<p>Soutien psychologique Il s\u2019agit d\u2019accompagner la travers\u00e9e d\u2019une difficult\u00e9, d\u2019un stress, d\u2019une angoisse\u2026 par un appui qui repose sur la parole. La bienveillance, l\u2019empathie et la confidentialit\u00e9 garantissent au patient le cadre pour exprimer son ressenti et sa souffrance. Cela \u00a0s\u2019adresse \u00e0 tous ceux qui ont besoin d\u2019\u00eatre soutenus lors d\u2019\u00e9preuves personnelles ou professionnelles. Ces &hellip; <\/p>\n<p class=\"link-more\"><a href=\"https:\/\/psychologue-isabelle-ruet.fr\/?page_id=10\" class=\"more-link\">Continue reading<span class=\"screen-reader-text\"> &#8220;\u00c0 propos de&#8221;<\/span><\/a><\/p>\n","protected":false},"author":1,"featured_media":0,"parent":0,"menu_order":0,"comment_status":"closed","ping_status":"closed","template":"","meta":{"footnotes":""},"_links":{"self":[{"href":"https:\/\/psychologue-isabelle-ruet.fr\/index.php?rest_route=\/wp\/v2\/pages\/10"}],"collection":[{"href":"https:\/\/psychologue-isabelle-ruet.fr\/index.php?rest_route=\/wp\/v2\/pages"}],"about":[{"href":"https:\/\/psychologue-isabelle-ruet.fr\/index.php?rest_route=\/wp\/v2\/types\/page"}],"author":[{"embeddable":true,"href":"https:\/\/psychologue-isabelle-ruet.fr\/index.php?rest_route=\/wp\/v2\/users\/1"}],"replies":[{"embeddable":true,"href":"https:\/\/psychologue-isabelle-ruet.fr\/index.php?rest_route=%2Fwp%2Fv2%2Fcomments&post=10"}],"version-history":[{"count":7,"href":"https:\/\/psychologue-isabelle-ruet.fr\/index.php?rest_route=\/wp\/v2\/pages\/10\/revisions"}],"predecessor-version":[{"id":141,"href":"https:\/\/psychologue-isabelle-ruet.fr\/index.php?rest_route=\/wp\/v2\/pages\/10\/revisions\/141"}],"wp:attachment":[{"href":"https:\/\/psychologue-isabelle-ruet.fr\/index.php?rest_route=%2Fwp%2Fv2%2Fmedia&parent=10"}],"curies":[{"name":"wp","href":"https:\/\/api.w.org\/{rel}","templated":true}]}}