{"id":11,"date":"2020-08-25T13:10:43","date_gmt":"2020-08-25T11:10:43","guid":{"rendered":"http:\/\/psychologue-isabelle-ruet.fr\/?page_id=11"},"modified":"2024-02-03T16:30:14","modified_gmt":"2024-02-03T15:30:14","slug":"contact","status":"publish","type":"page","link":"https:\/\/psychologue-isabelle-ruet.fr\/?page_id=11","title":{"rendered":"Contact"},"content":{"rendered":"<p><img loading=\"lazy\" decoding=\"async\" class=\"alignnone  wp-image-44 aligncenter\" src=\"http:\/\/psychologue-isabelle-ruet.fr\/wp-content\/uploads\/2020\/08\/IMG-3546-199x300.jpg\" alt=\"\" width=\"236\" height=\"356\" srcset=\"https:\/\/psychologue-isabelle-ruet.fr\/wp-content\/uploads\/2020\/08\/IMG-3546-199x300.jpg 199w, https:\/\/psychologue-isabelle-ruet.fr\/wp-content\/uploads\/2020\/08\/IMG-3546-678x1024.jpg 678w, https:\/\/psychologue-isabelle-ruet.fr\/wp-content\/uploads\/2020\/08\/IMG-3546-768x1160.jpg 768w, https:\/\/psychologue-isabelle-ruet.fr\/wp-content\/uploads\/2020\/08\/IMG-3546-1017x1536.jpg 1017w, https:\/\/psychologue-isabelle-ruet.fr\/wp-content\/uploads\/2020\/08\/IMG-3546-1356x2048.jpg 1356w, https:\/\/psychologue-isabelle-ruet.fr\/wp-content\/uploads\/2020\/08\/IMG-3546.jpg 1632w\" sizes=\"(max-width: 236px) 100vw, 236px\" \/><\/p>\n<p style=\"text-align: center;\"><strong>T\u00e9l\u00e9phone:<\/strong> 06.86.77.71.35<\/p>\n<p style=\"text-align: center;\"><strong>Adresse: <\/strong>5 bis clos du baradot, Rte de la Br\u00e8de,<\/p>\n<p style=\"text-align: center;\">33720 Saint-Michel-de-Rieufret<\/p>\n\n\n<div class=\"wp-block-cover\" style=\"min-height:490px\"><span aria-hidden=\"true\" class=\"wp-block-cover__background has-background-dim\"><\/span><img loading=\"lazy\" decoding=\"async\" width=\"768\" height=\"1024\" class=\"wp-block-cover__image-background wp-image-206\" alt=\"\" src=\"https:\/\/psychologue-isabelle-ruet.fr\/wp-content\/uploads\/2024\/02\/SALLE-DATTENTE-1-768x1024.jpg\" data-object-fit=\"cover\" srcset=\"https:\/\/psychologue-isabelle-ruet.fr\/wp-content\/uploads\/2024\/02\/SALLE-DATTENTE-1-768x1024.jpg 768w, https:\/\/psychologue-isabelle-ruet.fr\/wp-content\/uploads\/2024\/02\/SALLE-DATTENTE-1-225x300.jpg 225w, https:\/\/psychologue-isabelle-ruet.fr\/wp-content\/uploads\/2024\/02\/SALLE-DATTENTE-1-1152x1536.jpg 1152w, https:\/\/psychologue-isabelle-ruet.fr\/wp-content\/uploads\/2024\/02\/SALLE-DATTENTE-1-1536x2048.jpg 1536w, https:\/\/psychologue-isabelle-ruet.fr\/wp-content\/uploads\/2024\/02\/SALLE-DATTENTE-1-scaled.jpg 1920w\" sizes=\"(max-width: 767px) 89vw, (max-width: 1000px) 54vw, (max-width: 1071px) 543px, 580px\" \/><div class=\"wp-block-cover__inner-container is-layout-flow wp-block-cover-is-layout-flow\">\n<p class=\"has-text-align-center has-large-font-size\">Salle d&#8217;attente<\/p>\n<\/div><\/div>\n\n\n\n<p><\/p>\n\n\n\n<figure class=\"wp-block-image size-large is-resized\"><img loading=\"lazy\" decoding=\"async\" width=\"768\" height=\"1024\" src=\"https:\/\/psychologue-isabelle-ruet.fr\/wp-content\/uploads\/2024\/02\/BUREAU-VUE-VERS-LEXTERIEUR-2-768x1024.jpg\" alt=\"\" class=\"wp-image-215\" style=\"width:227px;height:auto\" srcset=\"https:\/\/psychologue-isabelle-ruet.fr\/wp-content\/uploads\/2024\/02\/BUREAU-VUE-VERS-LEXTERIEUR-2-768x1024.jpg 768w, https:\/\/psychologue-isabelle-ruet.fr\/wp-content\/uploads\/2024\/02\/BUREAU-VUE-VERS-LEXTERIEUR-2-225x300.jpg 225w, https:\/\/psychologue-isabelle-ruet.fr\/wp-content\/uploads\/2024\/02\/BUREAU-VUE-VERS-LEXTERIEUR-2-1152x1536.jpg 1152w, https:\/\/psychologue-isabelle-ruet.fr\/wp-content\/uploads\/2024\/02\/BUREAU-VUE-VERS-LEXTERIEUR-2-1536x2048.jpg 1536w, https:\/\/psychologue-isabelle-ruet.fr\/wp-content\/uploads\/2024\/02\/BUREAU-VUE-VERS-LEXTERIEUR-2-scaled.jpg 1920w\" sizes=\"(max-width: 767px) 89vw, (max-width: 1000px) 54vw, (max-width: 1071px) 543px, 580px\" \/><\/figure>\n\n\n\n<div class=\"wp-block-group is-layout-constrained wp-block-group-is-layout-constrained\"><div class=\"wp-block-group__inner-container\">\n<div class=\"wp-block-group is-layout-constrained wp-block-group-is-layout-constrained\"><div class=\"wp-block-group__inner-container\">\n<figure class=\"wp-block-image size-large is-resized\"><img loading=\"lazy\" decoding=\"async\" width=\"768\" height=\"1024\" src=\"https:\/\/psychologue-isabelle-ruet.fr\/wp-content\/uploads\/2024\/02\/BUREAU-1-768x1024.jpg\" alt=\"\" class=\"wp-image-201\" style=\"width:228px;height:auto\" srcset=\"https:\/\/psychologue-isabelle-ruet.fr\/wp-content\/uploads\/2024\/02\/BUREAU-1-768x1024.jpg 768w, https:\/\/psychologue-isabelle-ruet.fr\/wp-content\/uploads\/2024\/02\/BUREAU-1-225x300.jpg 225w, https:\/\/psychologue-isabelle-ruet.fr\/wp-content\/uploads\/2024\/02\/BUREAU-1-1152x1536.jpg 1152w, https:\/\/psychologue-isabelle-ruet.fr\/wp-content\/uploads\/2024\/02\/BUREAU-1-1536x2048.jpg 1536w, https:\/\/psychologue-isabelle-ruet.fr\/wp-content\/uploads\/2024\/02\/BUREAU-1-scaled.jpg 1920w\" sizes=\"(max-width: 767px) 89vw, (max-width: 1000px) 54vw, (max-width: 1071px) 543px, 580px\" \/><\/figure>\n<\/div><\/div>\n\n\n\n<figure class=\"wp-block-image size-large is-resized\"><img loading=\"lazy\" decoding=\"async\" width=\"768\" height=\"1024\" src=\"https:\/\/psychologue-isabelle-ruet.fr\/wp-content\/uploads\/2024\/02\/PLAQUE-2-768x1024.jpg\" alt=\"\" class=\"wp-image-210\" style=\"width:226px;height:auto\" srcset=\"https:\/\/psychologue-isabelle-ruet.fr\/wp-content\/uploads\/2024\/02\/PLAQUE-2-768x1024.jpg 768w, https:\/\/psychologue-isabelle-ruet.fr\/wp-content\/uploads\/2024\/02\/PLAQUE-2-225x300.jpg 225w, https:\/\/psychologue-isabelle-ruet.fr\/wp-content\/uploads\/2024\/02\/PLAQUE-2-1152x1536.jpg 1152w, https:\/\/psychologue-isabelle-ruet.fr\/wp-content\/uploads\/2024\/02\/PLAQUE-2-1536x2048.jpg 1536w, https:\/\/psychologue-isabelle-ruet.fr\/wp-content\/uploads\/2024\/02\/PLAQUE-2-scaled.jpg 1920w\" sizes=\"(max-width: 767px) 89vw, (max-width: 1000px) 54vw, (max-width: 1071px) 543px, 580px\" \/><\/figure>\n\n\n\n<figure class=\"wp-block-gallery has-nested-images columns-default is-cropped wp-block-gallery-1 is-layout-flex wp-block-gallery-is-layout-flex\"><\/figure>\n<\/div><\/div>\n\n\n\n<figure class=\"wp-block-gallery has-nested-images columns-default is-cropped wp-block-gallery-2 is-layout-flex wp-block-gallery-is-layout-flex\">\n<figure class=\"wp-block-image size-large\"><img loading=\"lazy\" decoding=\"async\" width=\"803\" height=\"572\" data-id=\"195\" src=\"https:\/\/psychologue-isabelle-ruet.fr\/wp-content\/uploads\/2024\/02\/Isabelle-Ruet-1.png\" alt=\"\" class=\"wp-image-195\" srcset=\"https:\/\/psychologue-isabelle-ruet.fr\/wp-content\/uploads\/2024\/02\/Isabelle-Ruet-1.png 803w, https:\/\/psychologue-isabelle-ruet.fr\/wp-content\/uploads\/2024\/02\/Isabelle-Ruet-1-300x214.png 300w, https:\/\/psychologue-isabelle-ruet.fr\/wp-content\/uploads\/2024\/02\/Isabelle-Ruet-1-768x547.png 768w\" sizes=\"(max-width: 767px) 89vw, (max-width: 1000px) 54vw, (max-width: 1071px) 543px, 580px\" \/><\/figure>\n<\/figure>\n","protected":false},"excerpt":{"rendered":"<p>T\u00e9l\u00e9phone: 06.86.77.71.35 Adresse: 5 bis clos du baradot, Rte de la Br\u00e8de, 33720 Saint-Michel-de-Rieufret<\/p>\n","protected":false},"author":1,"featured_media":109,"parent":0,"menu_order":0,"comment_status":"closed","ping_status":"closed","template":"","meta":{"footnotes":""},"_links":{"self":[{"href":"https:\/\/psychologue-isabelle-ruet.fr\/index.php?rest_route=\/wp\/v2\/pages\/11"}],"collection":[{"href":"https:\/\/psychologue-isabelle-ruet.fr\/index.php?rest_route=\/wp\/v2\/pages"}],"about":[{"href":"https:\/\/psychologue-isabelle-ruet.fr\/index.php?rest_route=\/wp\/v2\/types\/page"}],"author":[{"embeddable":true,"href":"https:\/\/psychologue-isabelle-ruet.fr\/index.php?rest_route=\/wp\/v2\/users\/1"}],"replies":[{"embeddable":true,"href":"https:\/\/psychologue-isabelle-ruet.fr\/index.php?rest_route=%2Fwp%2Fv2%2Fcomments&post=11"}],"version-history":[{"count":28,"href":"https:\/\/psychologue-isabelle-ruet.fr\/index.php?rest_route=\/wp\/v2\/pages\/11\/revisions"}],"predecessor-version":[{"id":227,"href":"https:\/\/psychologue-isabelle-ruet.fr\/index.php?rest_route=\/wp\/v2\/pages\/11\/revisions\/227"}],"wp:featuredmedia":[{"embeddable":true,"href":"https:\/\/psychologue-isabelle-ruet.fr\/index.php?rest_route=\/wp\/v2\/media\/109"}],"wp:attachment":[{"href":"https:\/\/psychologue-isabelle-ruet.fr\/index.php?rest_route=%2Fwp%2Fv2%2Fmedia&parent=11"}],"curies":[{"name":"wp","href":"https:\/\/api.w.org\/{rel}","templated":true}]}}