{"id":13,"date":"2020-08-25T13:10:43","date_gmt":"2020-08-25T11:10:43","guid":{"rendered":"http:\/\/psychologue-isabelle-ruet.fr\/?page_id=13"},"modified":"2024-02-03T16:02:44","modified_gmt":"2024-02-03T15:02:44","slug":"une-section-de-page-daccueil","status":"publish","type":"page","link":"https:\/\/psychologue-isabelle-ruet.fr\/?page_id=13","title":{"rendered":"Mes services et tarifs :"},"content":{"rendered":"\n<figure class=\"wp-block-image size-large is-resized\"><img loading=\"lazy\" decoding=\"async\" width=\"768\" height=\"1024\" src=\"http:\/\/psychologue-isabelle-ruet.fr\/wp-content\/uploads\/2020\/08\/IMG-9505-768x1024.jpg\" alt=\"\" class=\"wp-image-82\" style=\"width:237px;height:316px\" srcset=\"https:\/\/psychologue-isabelle-ruet.fr\/wp-content\/uploads\/2020\/08\/IMG-9505-768x1024.jpg 768w, https:\/\/psychologue-isabelle-ruet.fr\/wp-content\/uploads\/2020\/08\/IMG-9505-225x300.jpg 225w, https:\/\/psychologue-isabelle-ruet.fr\/wp-content\/uploads\/2020\/08\/IMG-9505-1152x1536.jpg 1152w, https:\/\/psychologue-isabelle-ruet.fr\/wp-content\/uploads\/2020\/08\/IMG-9505-1536x2048.jpg 1536w, https:\/\/psychologue-isabelle-ruet.fr\/wp-content\/uploads\/2020\/08\/IMG-9505-scaled.jpg 1920w\" sizes=\"(max-width: 767px) 89vw, (max-width: 1000px) 54vw, (max-width: 1071px) 543px, 580px\" \/><\/figure>\n\n\n<ul>\n<li><strong>Psychoth\u00e9rapie individuelle &#8211; Entretien de soutien\u00a0:<\/strong><\/li>\n<\/ul>\n<p><em>50 euros les s\u00e9ances adultes, 45 euros les s\u00e9ances enfants et adolescents, de th\u00e9rapie ou de soutien.<\/em><\/p>\n<p>Concerne\u00a0:<br \/><em>&#8211; <\/em>ENFANTS SEULS A PARTIR DE 6 ANS (Avant 6 ans, s\u00e9ances avec les parents).<br \/>-ADOLESCENTS.<br \/>-ADULTES.<\/p>\n<ul>\n<li><strong>Psychoth\u00e9rapie de couple &#8211; Entretien de soutien parents-enfants\u00a0:<\/strong><\/li>\n<\/ul>\n<p><em>60 euros\u00a0 les s\u00e9ances de th\u00e9rapie ou de soutien.<\/em><\/p>\n<p>Paiement en ch\u00e8que ou esp\u00e8ce seulement, \u00e0 chaque consultation.<\/p>\n<p>Les s\u00e9ances chez les psychologues ne sont pas rembours\u00e9es par la S\u00e9curit\u00e9 Sociale. Certaines mutuelles peuvent rembourser, totalement ou en partie, un certain nombre de s\u00e9ances.<\/p>\n<p>Merci de me contacter pour tout renseignement compl\u00e9mentaire.<\/p>","protected":false},"excerpt":{"rendered":"<p>Psychoth\u00e9rapie individuelle &#8211; Entretien de soutien\u00a0: 50 euros les s\u00e9ances adultes, 45 euros les s\u00e9ances enfants et adolescents, de th\u00e9rapie ou de soutien. Concerne\u00a0:&#8211; ENFANTS SEULS A PARTIR DE 6 ANS (Avant 6 ans, s\u00e9ances avec les parents).-ADOLESCENTS.-ADULTES. Psychoth\u00e9rapie de couple &#8211; Entretien de soutien parents-enfants\u00a0: 60 euros\u00a0 les s\u00e9ances de th\u00e9rapie ou de soutien. &hellip; <\/p>\n<p class=\"link-more\"><a href=\"https:\/\/psychologue-isabelle-ruet.fr\/?page_id=13\" class=\"more-link\">Continue reading<span class=\"screen-reader-text\"> &#8220;Mes services et tarifs :&#8221;<\/span><\/a><\/p>\n","protected":false},"author":1,"featured_media":110,"parent":0,"menu_order":0,"comment_status":"closed","ping_status":"closed","template":"","meta":{"footnotes":""},"_links":{"self":[{"href":"https:\/\/psychologue-isabelle-ruet.fr\/index.php?rest_route=\/wp\/v2\/pages\/13"}],"collection":[{"href":"https:\/\/psychologue-isabelle-ruet.fr\/index.php?rest_route=\/wp\/v2\/pages"}],"about":[{"href":"https:\/\/psychologue-isabelle-ruet.fr\/index.php?rest_route=\/wp\/v2\/types\/page"}],"author":[{"embeddable":true,"href":"https:\/\/psychologue-isabelle-ruet.fr\/index.php?rest_route=\/wp\/v2\/users\/1"}],"replies":[{"embeddable":true,"href":"https:\/\/psychologue-isabelle-ruet.fr\/index.php?rest_route=%2Fwp%2Fv2%2Fcomments&post=13"}],"version-history":[{"count":8,"href":"https:\/\/psychologue-isabelle-ruet.fr\/index.php?rest_route=\/wp\/v2\/pages\/13\/revisions"}],"predecessor-version":[{"id":209,"href":"https:\/\/psychologue-isabelle-ruet.fr\/index.php?rest_route=\/wp\/v2\/pages\/13\/revisions\/209"}],"wp:featuredmedia":[{"embeddable":true,"href":"https:\/\/psychologue-isabelle-ruet.fr\/index.php?rest_route=\/wp\/v2\/media\/110"}],"wp:attachment":[{"href":"https:\/\/psychologue-isabelle-ruet.fr\/index.php?rest_route=%2Fwp%2Fv2%2Fmedia&parent=13"}],"curies":[{"name":"wp","href":"https:\/\/api.w.org\/{rel}","templated":true}]}}